{"id":3996,"date":"2022-03-28T15:05:30","date_gmt":"2022-03-28T13:05:30","guid":{"rendered":"http:\/\/www.cechova.sk\/?page_id=3996"},"modified":"2022-03-29T00:00:44","modified_gmt":"2022-03-28T22:00:44","slug":"restrukturalizacny-a-konkurzny-spravca","status":"publish","type":"page","link":"https:\/\/www.cechova.sk\/sk\/restrukturalizacny-a-konkurzny-spravca\/","title":{"rendered":"Re\u0161trukturaliza\u010dn\u00fd a konkurzn\u00fd spr\u00e1vca"},"content":{"rendered":"<h2 id=\"onas\">O n\u00e1s<\/h2>\n<p class=\"lead\">\u010cechov\u00e1 Insolvency Services k. s. je dc\u00e9rskou spolo\u010dnos\u0165ou advok\u00e1tskej kancel\u00e1rie \u010cECHOV\u00c1 &amp; PARTNERS s. r. o.<\/p>\n<p>\u010cechov\u00e1 Insolvency Services k. s. je plne opr\u00e1vnenou vykon\u00e1va\u0165 \u010dinnos\u0165 re\u0161trukturaliza\u010dn\u00e9ho a konkurzn\u00e9ho spr\u00e1vcu v zmysle z\u00e1kona \u010d. 8\/2005 Z.z. o spr\u00e1vcoch, v znen\u00ed neskor\u0161\u00edch predpisov, a z\u00e1kona \u010d. 7\/2005 Z.z. o konkurze a re\u0161trukturaliz\u00e1cii, v znen\u00ed neskor\u0161\u00edch predpisov.<\/p>\n<p>\u010cechov\u00e1 Insolvency Services p\u00f4sob\u00ed ako insolven\u010dn\u00fd spr\u00e1vca od roku 2013, av\u0161ak JUDr. Katar\u00edna \u010cechov\u00e1, ktor\u00e1 jej jej komplement\u00e1rom a \u0161tatut\u00e1rnym org\u00e1nom prostredn\u00edctvom ktor\u00e9ho je t\u00e1to spolo\u010dnos\u0165 kvalifikovan\u00e1 na v\u00fdkon spr\u00e1vcovskej \u010dinnosti, sa stala spr\u00e1vcom konkurznej podstaty u\u017e v roku 1993. Prostredn\u00edctvom nej \u010derp\u00e1 z takmer 30 ro\u010dn\u00fdch sk\u00fasenost\u00ed a expert\u00edzy v oblasti insolven\u010dn\u00e9ho pr\u00e1va.<\/p>\n<p>\u010cechov\u00e1 Insolvency Services z\u00e1rove\u0148 vyu\u017e\u00edva \u0161irok\u00e9 spektrum odbornosti a zru\u010dnost\u00ed \u0161ir\u0161ieho pr\u00e1vneho a ekonomick\u00e9ho teamu \u010cECHOV\u00c1 &amp; PARTNERS, ktor\u00fd akt\u00edvne prispieva k vysokej kvalite \u010dinnosti a slu\u017eieb \u010cechov\u00e1 Insolvency Services. V\u010faka tomu je sp\u00f4sobil\u00e1 vytv\u00e1ra\u0165 ad hoc siln\u00e9 a kvalifikovan\u00e9 teamy schopn\u00e9 poskytn\u00fa\u0165 komplexn\u00e9 rie\u0161enia a realiz\u00e1ciu re\u0161trukturaliz\u00e1cie alebo konkurzu aj stredn\u00fdch a ve\u013ek\u00fdch podnikov.<\/p>\n<h2 id=\"skusenosti\">Na\u0161e sk\u00fasenosti<\/h2>\n<p>Vzh\u013eadom na sk\u00fasenosti teamu \u010cECHOV\u00c1 &amp; PARTNERS s transak\u010dnou pr\u00e1cou a poradenstvom medzin\u00e1rodn\u00fdm a nadn\u00e1rodn\u00fdm spolo\u010dnostiam dok\u00e1\u017ee \u010cechov\u00e1 Insolvency Services zastre\u0161i\u0165 nielen zlo\u017eit\u00e9, ale aj multijurisdik\u010dn\u00e9 konkurzn\u00e9 a re\u0161trukturaliza\u010dn\u00e9 konania a transakcie.<\/p>\n<p>Poskytovali sme napr. komplexn\u00fa pr\u00e1vnu pomoc koordina\u010dn\u00e9mu v\u00fdboru skupiny 40 v\u00fdznamn\u00fdch zahrani\u010dn\u00fdch a miestnych b\u00e1nk v oblasti finan\u010dnej re\u0161trukturaliz\u00e1cie a reorganiz\u00e1cie najv\u00e4\u010d\u0161ieho v\u00fdrobcu ocele na Slovensku. Medzi \u010fal\u0161ie najv\u00e4\u010d\u0161ie pr\u00edpady rie\u0161enia insolvencie, v ktor\u00fdch sme p\u00f4sobili, patr\u00ed napr. re\u0161trukturaliz\u00e1cia v\u00fdznamn\u00e9ho miestneho v\u00fdrobcu izola\u010dn\u00fdch a obalov\u00fdch materi\u00e1lov alebo \u00e1zijsk\u00e9ho vlajkov\u00e9ho dopravcu a prenaj\u00edmate\u013ea lietadiel ako najv\u00e4\u010d\u0161ieho verite\u013ea pri re\u0161trukturaliz\u00e1cii a konkurze slovenskej leteckej spolo\u010dnosti.<\/p>\n","protected":false},"excerpt":{"rendered":"<p>O n\u00e1s \u010cechov\u00e1 Insolvency Services k. s. je dc\u00e9rskou spolo\u010dnos\u0165ou advok\u00e1tskej kancel\u00e1rie \u010cECHOV\u00c1 &amp; PARTNERS s. r. o. \u010cechov\u00e1 Insolvency&#8230;<\/p>\n","protected":false},"author":1,"featured_media":0,"parent":0,"menu_order":4,"comment_status":"closed","ping_status":"closed","template":"template-pages\/page-cis.php","meta":{"inline_featured_image":false,"episode_type":"","audio_file":"","cover_image":"","cover_image_id":"","duration":"","filesize":"","date_recorded":"","explicit":"","block":"","itunes_episode_number":"","itunes_title":"","itunes_season_number":"","itunes_episode_type":"","filesize_raw":"","footnotes":""},"class_list":["post-3996","page","type-page","status-publish","hentry"],"yoast_head":"<!-- This site is optimized with the Yoast SEO plugin v26.0 - https:\/\/yoast.com\/wordpress\/plugins\/seo\/ -->\n<title>Re\u0161trukturaliza\u010dn\u00fd a konkurzn\u00fd spr\u00e1vca - \u010cechov\u00e1 &amp; Partners<\/title>\n<meta name=\"robots\" content=\"index, follow, max-snippet:-1, max-image-preview:large, max-video-preview:-1\" \/>\n<link rel=\"canonical\" href=\"https:\/\/www.cechova.sk\/sk\/restrukturalizacny-a-konkurzny-spravca\/\" \/>\n<meta property=\"og:locale\" content=\"sk_SK\" \/>\n<meta property=\"og:type\" content=\"article\" \/>\n<meta property=\"og:title\" content=\"Re\u0161trukturaliza\u010dn\u00fd a konkurzn\u00fd spr\u00e1vca - \u010cechov\u00e1 &amp; Partners\" \/>\n<meta property=\"og:description\" content=\"O n\u00e1s \u010cechov\u00e1 Insolvency Services k. s. je dc\u00e9rskou spolo\u010dnos\u0165ou advok\u00e1tskej kancel\u00e1rie \u010cECHOV\u00c1 &amp; PARTNERS s. r. o. \u010cechov\u00e1 Insolvency...\" \/>\n<meta property=\"og:url\" content=\"https:\/\/www.cechova.sk\/sk\/restrukturalizacny-a-konkurzny-spravca\/\" \/>\n<meta property=\"og:site_name\" content=\"\u010cechov\u00e1 &amp; Partners\" \/>\n<meta property=\"article:modified_time\" content=\"2022-03-28T22:00:44+00:00\" \/>\n<meta name=\"twitter:card\" content=\"summary_large_image\" \/>\n<meta name=\"twitter:label1\" content=\"Predpokladan\u00fd \u010das \u010d\u00edtania\" \/>\n\t<meta name=\"twitter:data1\" content=\"2 min\u00faty\" \/>\n<script type=\"application\/ld+json\" class=\"yoast-schema-graph\">{\"@context\":\"https:\/\/schema.org\",\"@graph\":[{\"@type\":\"WebPage\",\"@id\":\"https:\/\/www.cechova.sk\/sk\/restrukturalizacny-a-konkurzny-spravca\/\",\"url\":\"https:\/\/www.cechova.sk\/sk\/restrukturalizacny-a-konkurzny-spravca\/\",\"name\":\"Re\u0161trukturaliza\u010dn\u00fd a konkurzn\u00fd spr\u00e1vca - \u010cechov\u00e1 &amp; Partners\",\"isPartOf\":{\"@id\":\"https:\/\/www.cechova.sk\/#website\"},\"datePublished\":\"2022-03-28T13:05:30+00:00\",\"dateModified\":\"2022-03-28T22:00:44+00:00\",\"breadcrumb\":{\"@id\":\"https:\/\/www.cechova.sk\/sk\/restrukturalizacny-a-konkurzny-spravca\/#breadcrumb\"},\"inLanguage\":\"sk-SK\",\"potentialAction\":[{\"@type\":\"ReadAction\",\"target\":[\"https:\/\/www.cechova.sk\/sk\/restrukturalizacny-a-konkurzny-spravca\/\"]}]},{\"@type\":\"BreadcrumbList\",\"@id\":\"https:\/\/www.cechova.sk\/sk\/restrukturalizacny-a-konkurzny-spravca\/#breadcrumb\",\"itemListElement\":[{\"@type\":\"ListItem\",\"position\":1,\"name\":\"Home\",\"item\":\"https:\/\/www.cechova.sk\/sk\/\"},{\"@type\":\"ListItem\",\"position\":2,\"name\":\"Re\u0161trukturaliza\u010dn\u00fd a konkurzn\u00fd spr\u00e1vca\"}]},{\"@type\":\"WebSite\",\"@id\":\"https:\/\/www.cechova.sk\/#website\",\"url\":\"https:\/\/www.cechova.sk\/\",\"name\":\"\u010cechov\u00e1 &amp; Partners\",\"description\":\"Len \u010fal\u0161ia WordPress str\u00e1nka\",\"potentialAction\":[{\"@type\":\"SearchAction\",\"target\":{\"@type\":\"EntryPoint\",\"urlTemplate\":\"https:\/\/www.cechova.sk\/?s={search_term_string}\"},\"query-input\":{\"@type\":\"PropertyValueSpecification\",\"valueRequired\":true,\"valueName\":\"search_term_string\"}}],\"inLanguage\":\"sk-SK\"}]}<\/script>\n<!-- \/ Yoast SEO plugin. -->","yoast_head_json":{"title":"Re\u0161trukturaliza\u010dn\u00fd a konkurzn\u00fd spr\u00e1vca - \u010cechov\u00e1 &amp; Partners","robots":{"index":"index","follow":"follow","max-snippet":"max-snippet:-1","max-image-preview":"max-image-preview:large","max-video-preview":"max-video-preview:-1"},"canonical":"https:\/\/www.cechova.sk\/sk\/restrukturalizacny-a-konkurzny-spravca\/","og_locale":"sk_SK","og_type":"article","og_title":"Re\u0161trukturaliza\u010dn\u00fd a konkurzn\u00fd spr\u00e1vca - \u010cechov\u00e1 &amp; Partners","og_description":"O n\u00e1s \u010cechov\u00e1 Insolvency Services k. s. je dc\u00e9rskou spolo\u010dnos\u0165ou advok\u00e1tskej kancel\u00e1rie \u010cECHOV\u00c1 &amp; PARTNERS s. r. o. \u010cechov\u00e1 Insolvency...","og_url":"https:\/\/www.cechova.sk\/sk\/restrukturalizacny-a-konkurzny-spravca\/","og_site_name":"\u010cechov\u00e1 &amp; Partners","article_modified_time":"2022-03-28T22:00:44+00:00","twitter_card":"summary_large_image","twitter_misc":{"Predpokladan\u00fd \u010das \u010d\u00edtania":"2 min\u00faty"},"schema":{"@context":"https:\/\/schema.org","@graph":[{"@type":"WebPage","@id":"https:\/\/www.cechova.sk\/sk\/restrukturalizacny-a-konkurzny-spravca\/","url":"https:\/\/www.cechova.sk\/sk\/restrukturalizacny-a-konkurzny-spravca\/","name":"Re\u0161trukturaliza\u010dn\u00fd a konkurzn\u00fd spr\u00e1vca - \u010cechov\u00e1 &amp; Partners","isPartOf":{"@id":"https:\/\/www.cechova.sk\/#website"},"datePublished":"2022-03-28T13:05:30+00:00","dateModified":"2022-03-28T22:00:44+00:00","breadcrumb":{"@id":"https:\/\/www.cechova.sk\/sk\/restrukturalizacny-a-konkurzny-spravca\/#breadcrumb"},"inLanguage":"sk-SK","potentialAction":[{"@type":"ReadAction","target":["https:\/\/www.cechova.sk\/sk\/restrukturalizacny-a-konkurzny-spravca\/"]}]},{"@type":"BreadcrumbList","@id":"https:\/\/www.cechova.sk\/sk\/restrukturalizacny-a-konkurzny-spravca\/#breadcrumb","itemListElement":[{"@type":"ListItem","position":1,"name":"Home","item":"https:\/\/www.cechova.sk\/sk\/"},{"@type":"ListItem","position":2,"name":"Re\u0161trukturaliza\u010dn\u00fd a konkurzn\u00fd spr\u00e1vca"}]},{"@type":"WebSite","@id":"https:\/\/www.cechova.sk\/#website","url":"https:\/\/www.cechova.sk\/","name":"\u010cechov\u00e1 &amp; Partners","description":"Len \u010fal\u0161ia WordPress str\u00e1nka","potentialAction":[{"@type":"SearchAction","target":{"@type":"EntryPoint","urlTemplate":"https:\/\/www.cechova.sk\/?s={search_term_string}"},"query-input":{"@type":"PropertyValueSpecification","valueRequired":true,"valueName":"search_term_string"}}],"inLanguage":"sk-SK"}]}},"_links":{"self":[{"href":"https:\/\/www.cechova.sk\/sk\/wp-json\/wp\/v2\/pages\/3996\/"}],"collection":[{"href":"https:\/\/www.cechova.sk\/sk\/wp-json\/wp\/v2\/pages\/"}],"about":[{"href":"https:\/\/www.cechova.sk\/sk\/wp-json\/wp\/v2\/types\/page\/"}],"author":[{"embeddable":true,"href":"https:\/\/www.cechova.sk\/sk\/wp-json\/wp\/v2\/users\/1\/"}],"replies":[{"embeddable":true,"href":"https:\/\/www.cechova.sk\/sk\/wp-json\/wp\/v2\/comments\/?post=3996"}],"version-history":[{"count":6,"href":"https:\/\/www.cechova.sk\/sk\/wp-json\/wp\/v2\/pages\/3996\/revisions\/"}],"predecessor-version":[{"id":4024,"href":"https:\/\/www.cechova.sk\/sk\/wp-json\/wp\/v2\/pages\/3996\/revisions\/4024\/"}],"wp:attachment":[{"href":"https:\/\/www.cechova.sk\/sk\/wp-json\/wp\/v2\/media\/?parent=3996"}],"curies":[{"name":"wp","href":"https:\/\/api.w.org\/{rel}","templated":true}]}}