{"id":141,"date":"2019-04-01T17:29:53","date_gmt":"2019-04-01T15:29:53","guid":{"rendered":"http:\/\/www.cechova.sk\/?page_id=141"},"modified":"2021-05-11T10:52:57","modified_gmt":"2021-05-11T08:52:57","slug":"ludia","status":"publish","type":"page","link":"https:\/\/www.cechova.sk\/sk\/ludia\/","title":{"rendered":"\u013dudia"},"content":{"rendered":"","protected":false},"excerpt":{"rendered":"","protected":false},"author":1,"featured_media":0,"parent":0,"menu_order":16,"comment_status":"closed","ping_status":"closed","template":"template-pages\/page-team.php","meta":{"inline_featured_image":false,"episode_type":"","audio_file":"","cover_image":"","cover_image_id":"","duration":"","filesize":"","date_recorded":"","explicit":"","block":"","itunes_episode_number":"","itunes_title":"","itunes_season_number":"","itunes_episode_type":"","filesize_raw":"","footnotes":""},"class_list":["post-141","page","type-page","status-publish","hentry"],"yoast_head":"<!-- This site is optimized with the Yoast SEO plugin v26.0 - https:\/\/yoast.com\/wordpress\/plugins\/seo\/ -->\n<title>\u013dudia - \u010cechov\u00e1 &amp; Partners<\/title>\n<meta name=\"description\" content=\"Overen\u00fd a sk\u00fasen\u00fd t\u00edm pr\u00e1vnikov, ktor\u00fd poskytuje klientom rie\u0161enia pr\u00e1vnych ot\u00e1zok v oblasti slovensk\u00e9ho aj eur\u00f3pskeho pr\u00e1va.\" \/>\n<meta name=\"robots\" content=\"index, follow, max-snippet:-1, max-image-preview:large, max-video-preview:-1\" \/>\n<link rel=\"canonical\" href=\"https:\/\/www.cechova.sk\/sk\/ludia\/\" \/>\n<meta property=\"og:locale\" content=\"sk_SK\" \/>\n<meta property=\"og:type\" content=\"article\" \/>\n<meta property=\"og:title\" content=\"\u013dudia - \u010cechov\u00e1 &amp; Partners\" \/>\n<meta property=\"og:description\" content=\"Overen\u00fd a sk\u00fasen\u00fd t\u00edm pr\u00e1vnikov, ktor\u00fd poskytuje klientom rie\u0161enia pr\u00e1vnych ot\u00e1zok v oblasti slovensk\u00e9ho aj eur\u00f3pskeho pr\u00e1va.\" \/>\n<meta property=\"og:url\" content=\"https:\/\/www.cechova.sk\/sk\/ludia\/\" \/>\n<meta property=\"og:site_name\" content=\"\u010cechov\u00e1 &amp; Partners\" \/>\n<meta property=\"article:modified_time\" content=\"2021-05-11T08:52:57+00:00\" \/>\n<meta name=\"twitter:card\" content=\"summary_large_image\" \/>\n<script type=\"application\/ld+json\" class=\"yoast-schema-graph\">{\"@context\":\"https:\/\/schema.org\",\"@graph\":[{\"@type\":\"WebPage\",\"@id\":\"https:\/\/www.cechova.sk\/sk\/ludia\/\",\"url\":\"https:\/\/www.cechova.sk\/sk\/ludia\/\",\"name\":\"\u013dudia - \u010cechov\u00e1 &amp; Partners\",\"isPartOf\":{\"@id\":\"https:\/\/www.cechova.sk\/#website\"},\"datePublished\":\"2019-04-01T15:29:53+00:00\",\"dateModified\":\"2021-05-11T08:52:57+00:00\",\"description\":\"Overen\u00fd a sk\u00fasen\u00fd t\u00edm pr\u00e1vnikov, ktor\u00fd poskytuje klientom rie\u0161enia pr\u00e1vnych ot\u00e1zok v oblasti slovensk\u00e9ho aj eur\u00f3pskeho pr\u00e1va.\",\"breadcrumb\":{\"@id\":\"https:\/\/www.cechova.sk\/sk\/ludia\/#breadcrumb\"},\"inLanguage\":\"sk-SK\",\"potentialAction\":[{\"@type\":\"ReadAction\",\"target\":[\"https:\/\/www.cechova.sk\/sk\/ludia\/\"]}]},{\"@type\":\"BreadcrumbList\",\"@id\":\"https:\/\/www.cechova.sk\/sk\/ludia\/#breadcrumb\",\"itemListElement\":[{\"@type\":\"ListItem\",\"position\":1,\"name\":\"Home\",\"item\":\"https:\/\/www.cechova.sk\/sk\/\"},{\"@type\":\"ListItem\",\"position\":2,\"name\":\"\u013dudia\"}]},{\"@type\":\"WebSite\",\"@id\":\"https:\/\/www.cechova.sk\/#website\",\"url\":\"https:\/\/www.cechova.sk\/\",\"name\":\"\u010cechov\u00e1 &amp; Partners\",\"description\":\"Len \u010fal\u0161ia WordPress str\u00e1nka\",\"potentialAction\":[{\"@type\":\"SearchAction\",\"target\":{\"@type\":\"EntryPoint\",\"urlTemplate\":\"https:\/\/www.cechova.sk\/?s={search_term_string}\"},\"query-input\":{\"@type\":\"PropertyValueSpecification\",\"valueRequired\":true,\"valueName\":\"search_term_string\"}}],\"inLanguage\":\"sk-SK\"}]}<\/script>\n<!-- \/ Yoast SEO plugin. -->","yoast_head_json":{"title":"\u013dudia - \u010cechov\u00e1 &amp; Partners","description":"Overen\u00fd a sk\u00fasen\u00fd t\u00edm pr\u00e1vnikov, ktor\u00fd poskytuje klientom rie\u0161enia pr\u00e1vnych ot\u00e1zok v oblasti slovensk\u00e9ho aj eur\u00f3pskeho pr\u00e1va.","robots":{"index":"index","follow":"follow","max-snippet":"max-snippet:-1","max-image-preview":"max-image-preview:large","max-video-preview":"max-video-preview:-1"},"canonical":"https:\/\/www.cechova.sk\/sk\/ludia\/","og_locale":"sk_SK","og_type":"article","og_title":"\u013dudia - \u010cechov\u00e1 &amp; Partners","og_description":"Overen\u00fd a sk\u00fasen\u00fd t\u00edm pr\u00e1vnikov, ktor\u00fd poskytuje klientom rie\u0161enia pr\u00e1vnych ot\u00e1zok v oblasti slovensk\u00e9ho aj eur\u00f3pskeho pr\u00e1va.","og_url":"https:\/\/www.cechova.sk\/sk\/ludia\/","og_site_name":"\u010cechov\u00e1 &amp; Partners","article_modified_time":"2021-05-11T08:52:57+00:00","twitter_card":"summary_large_image","schema":{"@context":"https:\/\/schema.org","@graph":[{"@type":"WebPage","@id":"https:\/\/www.cechova.sk\/sk\/ludia\/","url":"https:\/\/www.cechova.sk\/sk\/ludia\/","name":"\u013dudia - \u010cechov\u00e1 &amp; Partners","isPartOf":{"@id":"https:\/\/www.cechova.sk\/#website"},"datePublished":"2019-04-01T15:29:53+00:00","dateModified":"2021-05-11T08:52:57+00:00","description":"Overen\u00fd a sk\u00fasen\u00fd t\u00edm pr\u00e1vnikov, ktor\u00fd poskytuje klientom rie\u0161enia pr\u00e1vnych ot\u00e1zok v oblasti slovensk\u00e9ho aj eur\u00f3pskeho pr\u00e1va.","breadcrumb":{"@id":"https:\/\/www.cechova.sk\/sk\/ludia\/#breadcrumb"},"inLanguage":"sk-SK","potentialAction":[{"@type":"ReadAction","target":["https:\/\/www.cechova.sk\/sk\/ludia\/"]}]},{"@type":"BreadcrumbList","@id":"https:\/\/www.cechova.sk\/sk\/ludia\/#breadcrumb","itemListElement":[{"@type":"ListItem","position":1,"name":"Home","item":"https:\/\/www.cechova.sk\/sk\/"},{"@type":"ListItem","position":2,"name":"\u013dudia"}]},{"@type":"WebSite","@id":"https:\/\/www.cechova.sk\/#website","url":"https:\/\/www.cechova.sk\/","name":"\u010cechov\u00e1 &amp; Partners","description":"Len \u010fal\u0161ia WordPress str\u00e1nka","potentialAction":[{"@type":"SearchAction","target":{"@type":"EntryPoint","urlTemplate":"https:\/\/www.cechova.sk\/?s={search_term_string}"},"query-input":{"@type":"PropertyValueSpecification","valueRequired":true,"valueName":"search_term_string"}}],"inLanguage":"sk-SK"}]}},"_links":{"self":[{"href":"https:\/\/www.cechova.sk\/sk\/wp-json\/wp\/v2\/pages\/141\/"}],"collection":[{"href":"https:\/\/www.cechova.sk\/sk\/wp-json\/wp\/v2\/pages\/"}],"about":[{"href":"https:\/\/www.cechova.sk\/sk\/wp-json\/wp\/v2\/types\/page\/"}],"author":[{"embeddable":true,"href":"https:\/\/www.cechova.sk\/sk\/wp-json\/wp\/v2\/users\/1\/"}],"replies":[{"embeddable":true,"href":"https:\/\/www.cechova.sk\/sk\/wp-json\/wp\/v2\/comments\/?post=141"}],"version-history":[{"count":4,"href":"https:\/\/www.cechova.sk\/sk\/wp-json\/wp\/v2\/pages\/141\/revisions\/"}],"predecessor-version":[{"id":503,"href":"https:\/\/www.cechova.sk\/sk\/wp-json\/wp\/v2\/pages\/141\/revisions\/503\/"}],"wp:attachment":[{"href":"https:\/\/www.cechova.sk\/sk\/wp-json\/wp\/v2\/media\/?parent=141"}],"curies":[{"name":"wp","href":"https:\/\/api.w.org\/{rel}","templated":true}]}}