{"id":139,"date":"2019-04-01T17:29:32","date_gmt":"2019-04-01T15:29:32","guid":{"rendered":"http:\/\/www.cechova.sk\/?page_id=139"},"modified":"2025-05-13T11:23:39","modified_gmt":"2025-05-13T09:23:39","slug":"kontakt","status":"publish","type":"page","link":"https:\/\/www.cechova.sk\/sk\/kontakt\/","title":{"rendered":"Kontakt"},"content":{"rendered":"<p>S\u00eddlime v novej administrat\u00edvnej budove \u201eUNIQ Staromestsk\u00e1\u201c na rohu ul\u00edc Staromestsk\u00e1 a Vetern\u00e1. Z druhej strany sused\u00ed budova s Ministerstvom spravodlivosti SR a Najvy\u0161\u0161\u00edm s\u00fadom SR. Pri vyh\u013ead\u00e1van\u00ed v navig\u00e1cii V\u00e1m odpor\u00fa\u010dame zada\u0165 priamo na\u0161u kancel\u00e1riu \u010cECHOV\u00c1 &amp; PARTNERS, budovu UNIQ, pr\u00edpadne ulicu Vetern\u00e1. Adresa Staromestsk\u00e1 3 sa v s\u00fa\u010dasnosti v navig\u00e1ci\u00e1ch nezobrazuje spr\u00e1vne. Na odstr\u00e1nen\u00ed chyby pracujeme.<\/p>\n<h3><strong>Autom<\/strong><\/h3>\n<p>Pou\u017eite vjazd z Veternej ulice a podzemn\u00e9 parkovisko v budove UNIQ. Pri vjazde sa nahl\u00e1ste cez intercom ako na\u0161a n\u00e1v\u0161teva a zaparkujte na -1. poschod\u00ed na miestach ozna\u010den\u00fdch ako VISITOR. N\u00e1sledne sa v\u00fd\u0165ahom vyvezte na pr\u00edzemie, kde sa nach\u00e1dza recepcia budovy a\u00a0zaregistrujte sa, pros\u00edm. Z\u00a0recepcie v\u00e1s nasmeruj\u00fa do na\u0161ej kancel\u00e1rie na 1. poschod\u00ed.<\/p>\n<h3><strong>Hromadnou dopravou<\/strong><\/h3>\n<p>V\u00a0pr\u00edpade jazdy autobusom vyst\u00fapte bu\u010f na zast\u00e1vke Zochova, alebo Hod\u017eovo n\u00e1mestie. Ak sa chyst\u00e1te pr\u00eds\u0165 elektri\u010dkou, vyst\u00fapte na zast\u00e1vke Kapuc\u00ednska, alebo Po\u0161tov\u00e1. Od zast\u00e1vok hromadnej dopravy sa do na\u0161ej kancel\u00e1rie dostanete asi za 5 min\u00fat ch\u00f4dze. Pros\u00edme v\u00e1s, aby ste sa zaregistrovali na recepcii budovy na pr\u00edzem\u00ed, odkia\u013e v\u00e1s nasmeruj\u00fa do na\u0161ej kancel\u00e1rie na 1. poschod\u00ed.<\/p>\n<h3>Te\u0161\u00edme sa na stretnutie.<\/h3>\n","protected":false},"excerpt":{"rendered":"<p>S\u00eddlime v novej administrat\u00edvnej budove \u201eUNIQ Staromestsk\u00e1\u201c na rohu ul\u00edc Staromestsk\u00e1 a Vetern\u00e1. Z druhej strany sused\u00ed budova s Ministerstvom&#8230;<\/p>\n","protected":false},"author":1,"featured_media":0,"parent":0,"menu_order":15,"comment_status":"closed","ping_status":"closed","template":"template-pages\/page-contact.php","meta":{"inline_featured_image":false,"episode_type":"","audio_file":"","cover_image":"","cover_image_id":"","duration":"","filesize":"","date_recorded":"","explicit":"","block":"","itunes_episode_number":"","itunes_title":"","itunes_season_number":"","itunes_episode_type":"","filesize_raw":"","footnotes":""},"class_list":["post-139","page","type-page","status-publish","hentry"],"yoast_head":"<!-- This site is optimized with the Yoast SEO plugin v26.0 - https:\/\/yoast.com\/wordpress\/plugins\/seo\/ -->\n<title>Kontakt - \u010cechov\u00e1 &amp; Partners<\/title>\n<meta name=\"description\" content=\"Kontakt. Meno. Priezvisko. Telef\u00f3n. Email.\" \/>\n<meta name=\"robots\" content=\"index, follow, max-snippet:-1, max-image-preview:large, max-video-preview:-1\" \/>\n<link rel=\"canonical\" href=\"https:\/\/www.cechova.sk\/sk\/contact\/\" \/>\n<meta property=\"og:locale\" content=\"sk_SK\" \/>\n<meta property=\"og:type\" content=\"article\" \/>\n<meta property=\"og:title\" content=\"Kontakt - \u010cechov\u00e1 &amp; Partners\" \/>\n<meta property=\"og:description\" content=\"Kontakt. Meno. Priezvisko. Telef\u00f3n. Email.\" \/>\n<meta property=\"og:url\" content=\"https:\/\/www.cechova.sk\/contact\/\" \/>\n<meta property=\"og:site_name\" content=\"\u010cechov\u00e1 &amp; Partners\" \/>\n<meta property=\"article:modified_time\" content=\"2025-05-13T09:23:39+00:00\" \/>\n<meta name=\"twitter:card\" content=\"summary_large_image\" \/>\n<meta name=\"twitter:label1\" content=\"Predpokladan\u00fd \u010das \u010d\u00edtania\" \/>\n\t<meta name=\"twitter:data1\" content=\"1 min\u00fata\" \/>\n<script type=\"application\/ld+json\" class=\"yoast-schema-graph\">{\"@context\":\"https:\/\/schema.org\",\"@graph\":[{\"@type\":\"WebPage\",\"@id\":\"https:\/\/www.cechova.sk\/contact\/\",\"url\":\"https:\/\/www.cechova.sk\/contact\/\",\"name\":\"Kontakt - \u010cechov\u00e1 &amp; Partners\",\"isPartOf\":{\"@id\":\"https:\/\/www.cechova.sk\/#website\"},\"datePublished\":\"2019-04-01T15:29:32+00:00\",\"dateModified\":\"2025-05-13T09:23:39+00:00\",\"description\":\"Kontakt. Meno. Priezvisko. Telef\u00f3n. Email.\",\"breadcrumb\":{\"@id\":\"https:\/\/www.cechova.sk\/contact\/#breadcrumb\"},\"inLanguage\":\"sk-SK\",\"potentialAction\":[{\"@type\":\"ReadAction\",\"target\":[\"https:\/\/www.cechova.sk\/contact\/\"]}]},{\"@type\":\"BreadcrumbList\",\"@id\":\"https:\/\/www.cechova.sk\/contact\/#breadcrumb\",\"itemListElement\":[{\"@type\":\"ListItem\",\"position\":1,\"name\":\"Home\",\"item\":\"https:\/\/www.cechova.sk\/sk\/\"},{\"@type\":\"ListItem\",\"position\":2,\"name\":\"Kontakt\"}]},{\"@type\":\"WebSite\",\"@id\":\"https:\/\/www.cechova.sk\/#website\",\"url\":\"https:\/\/www.cechova.sk\/\",\"name\":\"\u010cechov\u00e1 &amp; Partners\",\"description\":\"Len \u010fal\u0161ia WordPress str\u00e1nka\",\"potentialAction\":[{\"@type\":\"SearchAction\",\"target\":{\"@type\":\"EntryPoint\",\"urlTemplate\":\"https:\/\/www.cechova.sk\/?s={search_term_string}\"},\"query-input\":{\"@type\":\"PropertyValueSpecification\",\"valueRequired\":true,\"valueName\":\"search_term_string\"}}],\"inLanguage\":\"sk-SK\"}]}<\/script>\n<!-- \/ Yoast SEO plugin. -->","yoast_head_json":{"title":"Kontakt - \u010cechov\u00e1 &amp; Partners","description":"Kontakt. Meno. Priezvisko. Telef\u00f3n. Email.","robots":{"index":"index","follow":"follow","max-snippet":"max-snippet:-1","max-image-preview":"max-image-preview:large","max-video-preview":"max-video-preview:-1"},"canonical":"https:\/\/www.cechova.sk\/sk\/contact\/","og_locale":"sk_SK","og_type":"article","og_title":"Kontakt - \u010cechov\u00e1 &amp; Partners","og_description":"Kontakt. Meno. Priezvisko. Telef\u00f3n. Email.","og_url":"https:\/\/www.cechova.sk\/contact\/","og_site_name":"\u010cechov\u00e1 &amp; Partners","article_modified_time":"2025-05-13T09:23:39+00:00","twitter_card":"summary_large_image","twitter_misc":{"Predpokladan\u00fd \u010das \u010d\u00edtania":"1 min\u00fata"},"schema":{"@context":"https:\/\/schema.org","@graph":[{"@type":"WebPage","@id":"https:\/\/www.cechova.sk\/contact\/","url":"https:\/\/www.cechova.sk\/contact\/","name":"Kontakt - \u010cechov\u00e1 &amp; Partners","isPartOf":{"@id":"https:\/\/www.cechova.sk\/#website"},"datePublished":"2019-04-01T15:29:32+00:00","dateModified":"2025-05-13T09:23:39+00:00","description":"Kontakt. Meno. Priezvisko. Telef\u00f3n. Email.","breadcrumb":{"@id":"https:\/\/www.cechova.sk\/contact\/#breadcrumb"},"inLanguage":"sk-SK","potentialAction":[{"@type":"ReadAction","target":["https:\/\/www.cechova.sk\/contact\/"]}]},{"@type":"BreadcrumbList","@id":"https:\/\/www.cechova.sk\/contact\/#breadcrumb","itemListElement":[{"@type":"ListItem","position":1,"name":"Home","item":"https:\/\/www.cechova.sk\/sk\/"},{"@type":"ListItem","position":2,"name":"Kontakt"}]},{"@type":"WebSite","@id":"https:\/\/www.cechova.sk\/#website","url":"https:\/\/www.cechova.sk\/","name":"\u010cechov\u00e1 &amp; Partners","description":"Len \u010fal\u0161ia WordPress str\u00e1nka","potentialAction":[{"@type":"SearchAction","target":{"@type":"EntryPoint","urlTemplate":"https:\/\/www.cechova.sk\/?s={search_term_string}"},"query-input":{"@type":"PropertyValueSpecification","valueRequired":true,"valueName":"search_term_string"}}],"inLanguage":"sk-SK"}]}},"_links":{"self":[{"href":"https:\/\/www.cechova.sk\/sk\/wp-json\/wp\/v2\/pages\/139\/"}],"collection":[{"href":"https:\/\/www.cechova.sk\/sk\/wp-json\/wp\/v2\/pages\/"}],"about":[{"href":"https:\/\/www.cechova.sk\/sk\/wp-json\/wp\/v2\/types\/page\/"}],"author":[{"embeddable":true,"href":"https:\/\/www.cechova.sk\/sk\/wp-json\/wp\/v2\/users\/1\/"}],"replies":[{"embeddable":true,"href":"https:\/\/www.cechova.sk\/sk\/wp-json\/wp\/v2\/comments\/?post=139"}],"version-history":[{"count":34,"href":"https:\/\/www.cechova.sk\/sk\/wp-json\/wp\/v2\/pages\/139\/revisions\/"}],"predecessor-version":[{"id":5153,"href":"https:\/\/www.cechova.sk\/sk\/wp-json\/wp\/v2\/pages\/139\/revisions\/5153\/"}],"wp:attachment":[{"href":"https:\/\/www.cechova.sk\/sk\/wp-json\/wp\/v2\/media\/?parent=139"}],"curies":[{"name":"wp","href":"https:\/\/api.w.org\/{rel}","templated":true}]}}