{"id":129,"date":"2019-04-01T17:28:02","date_gmt":"2019-04-01T15:28:02","guid":{"rendered":"http:\/\/www.cechova.sk\/?page_id=129"},"modified":"2025-07-28T14:33:58","modified_gmt":"2025-07-28T12:33:58","slug":"nas-pribeh","status":"publish","type":"page","link":"https:\/\/www.cechova.sk\/sk\/nas-pribeh\/","title":{"rendered":"N\u00e1\u0161 pr\u00edbeh"},"content":{"rendered":"","protected":false},"excerpt":{"rendered":"","protected":false},"author":1,"featured_media":0,"parent":0,"menu_order":21,"comment_status":"closed","ping_status":"closed","template":"template-pages\/page-dynamic-content.php","meta":{"inline_featured_image":false,"episode_type":"","audio_file":"","cover_image":"","cover_image_id":"","duration":"","filesize":"","date_recorded":"","explicit":"","block":"","itunes_episode_number":"","itunes_title":"","itunes_season_number":"","itunes_episode_type":"","filesize_raw":"","footnotes":""},"class_list":["post-129","page","type-page","status-publish","hentry"],"yoast_head":"<!-- This site is optimized with the Yoast SEO plugin v26.0 - https:\/\/yoast.com\/wordpress\/plugins\/seo\/ -->\n<title>N\u00e1\u0161 pr\u00edbeh - \u010cechov\u00e1 &amp; Partners<\/title>\n<meta name=\"description\" content=\"O n\u00e1s. \u010cechov\u00e1 &amp; Partners u\u017e 35 rokov na slovenskom a medzin\u00e1rodnom trhu.\" \/>\n<meta name=\"robots\" content=\"index, follow, max-snippet:-1, max-image-preview:large, max-video-preview:-1\" \/>\n<link rel=\"canonical\" href=\"https:\/\/www.cechova.sk\/sk\/nas-pribeh\/\" \/>\n<meta property=\"og:locale\" content=\"sk_SK\" \/>\n<meta property=\"og:type\" content=\"article\" \/>\n<meta property=\"og:title\" content=\"N\u00e1\u0161 pr\u00edbeh - \u010cechov\u00e1 &amp; Partners\" \/>\n<meta property=\"og:description\" content=\"O n\u00e1s. \u010cechov\u00e1 &amp; Partners u\u017e 35 rokov na slovenskom a medzin\u00e1rodnom trhu.\" \/>\n<meta property=\"og:url\" content=\"https:\/\/www.cechova.sk\/sk\/nas-pribeh\/\" \/>\n<meta property=\"og:site_name\" content=\"\u010cechov\u00e1 &amp; Partners\" \/>\n<meta property=\"article:modified_time\" content=\"2025-07-28T12:33:58+00:00\" \/>\n<meta name=\"twitter:card\" content=\"summary_large_image\" \/>\n<script type=\"application\/ld+json\" class=\"yoast-schema-graph\">{\"@context\":\"https:\/\/schema.org\",\"@graph\":[{\"@type\":\"WebPage\",\"@id\":\"https:\/\/www.cechova.sk\/sk\/nas-pribeh\/\",\"url\":\"https:\/\/www.cechova.sk\/sk\/nas-pribeh\/\",\"name\":\"N\u00e1\u0161 pr\u00edbeh - \u010cechov\u00e1 &amp; Partners\",\"isPartOf\":{\"@id\":\"https:\/\/www.cechova.sk\/#website\"},\"datePublished\":\"2019-04-01T15:28:02+00:00\",\"dateModified\":\"2025-07-28T12:33:58+00:00\",\"description\":\"O n\u00e1s. \u010cechov\u00e1 & Partners u\u017e 35 rokov na slovenskom a medzin\u00e1rodnom trhu.\",\"breadcrumb\":{\"@id\":\"https:\/\/www.cechova.sk\/sk\/nas-pribeh\/#breadcrumb\"},\"inLanguage\":\"sk-SK\",\"potentialAction\":[{\"@type\":\"ReadAction\",\"target\":[\"https:\/\/www.cechova.sk\/sk\/nas-pribeh\/\"]}]},{\"@type\":\"BreadcrumbList\",\"@id\":\"https:\/\/www.cechova.sk\/sk\/nas-pribeh\/#breadcrumb\",\"itemListElement\":[{\"@type\":\"ListItem\",\"position\":1,\"name\":\"Home\",\"item\":\"https:\/\/www.cechova.sk\/sk\/\"},{\"@type\":\"ListItem\",\"position\":2,\"name\":\"N\u00e1\u0161 pr\u00edbeh\"}]},{\"@type\":\"WebSite\",\"@id\":\"https:\/\/www.cechova.sk\/#website\",\"url\":\"https:\/\/www.cechova.sk\/\",\"name\":\"\u010cechov\u00e1 &amp; Partners\",\"description\":\"Len \u010fal\u0161ia WordPress str\u00e1nka\",\"potentialAction\":[{\"@type\":\"SearchAction\",\"target\":{\"@type\":\"EntryPoint\",\"urlTemplate\":\"https:\/\/www.cechova.sk\/?s={search_term_string}\"},\"query-input\":{\"@type\":\"PropertyValueSpecification\",\"valueRequired\":true,\"valueName\":\"search_term_string\"}}],\"inLanguage\":\"sk-SK\"}]}<\/script>\n<!-- \/ Yoast SEO plugin. -->","yoast_head_json":{"title":"N\u00e1\u0161 pr\u00edbeh - \u010cechov\u00e1 &amp; Partners","description":"O n\u00e1s. \u010cechov\u00e1 & Partners u\u017e 35 rokov na slovenskom a medzin\u00e1rodnom trhu.","robots":{"index":"index","follow":"follow","max-snippet":"max-snippet:-1","max-image-preview":"max-image-preview:large","max-video-preview":"max-video-preview:-1"},"canonical":"https:\/\/www.cechova.sk\/sk\/nas-pribeh\/","og_locale":"sk_SK","og_type":"article","og_title":"N\u00e1\u0161 pr\u00edbeh - \u010cechov\u00e1 &amp; Partners","og_description":"O n\u00e1s. \u010cechov\u00e1 & Partners u\u017e 35 rokov na slovenskom a medzin\u00e1rodnom trhu.","og_url":"https:\/\/www.cechova.sk\/sk\/nas-pribeh\/","og_site_name":"\u010cechov\u00e1 &amp; Partners","article_modified_time":"2025-07-28T12:33:58+00:00","twitter_card":"summary_large_image","schema":{"@context":"https:\/\/schema.org","@graph":[{"@type":"WebPage","@id":"https:\/\/www.cechova.sk\/sk\/nas-pribeh\/","url":"https:\/\/www.cechova.sk\/sk\/nas-pribeh\/","name":"N\u00e1\u0161 pr\u00edbeh - \u010cechov\u00e1 &amp; Partners","isPartOf":{"@id":"https:\/\/www.cechova.sk\/#website"},"datePublished":"2019-04-01T15:28:02+00:00","dateModified":"2025-07-28T12:33:58+00:00","description":"O n\u00e1s. \u010cechov\u00e1 & Partners u\u017e 35 rokov na slovenskom a medzin\u00e1rodnom trhu.","breadcrumb":{"@id":"https:\/\/www.cechova.sk\/sk\/nas-pribeh\/#breadcrumb"},"inLanguage":"sk-SK","potentialAction":[{"@type":"ReadAction","target":["https:\/\/www.cechova.sk\/sk\/nas-pribeh\/"]}]},{"@type":"BreadcrumbList","@id":"https:\/\/www.cechova.sk\/sk\/nas-pribeh\/#breadcrumb","itemListElement":[{"@type":"ListItem","position":1,"name":"Home","item":"https:\/\/www.cechova.sk\/sk\/"},{"@type":"ListItem","position":2,"name":"N\u00e1\u0161 pr\u00edbeh"}]},{"@type":"WebSite","@id":"https:\/\/www.cechova.sk\/#website","url":"https:\/\/www.cechova.sk\/","name":"\u010cechov\u00e1 &amp; Partners","description":"Len \u010fal\u0161ia WordPress str\u00e1nka","potentialAction":[{"@type":"SearchAction","target":{"@type":"EntryPoint","urlTemplate":"https:\/\/www.cechova.sk\/?s={search_term_string}"},"query-input":{"@type":"PropertyValueSpecification","valueRequired":true,"valueName":"search_term_string"}}],"inLanguage":"sk-SK"}]}},"_links":{"self":[{"href":"https:\/\/www.cechova.sk\/sk\/wp-json\/wp\/v2\/pages\/129\/"}],"collection":[{"href":"https:\/\/www.cechova.sk\/sk\/wp-json\/wp\/v2\/pages\/"}],"about":[{"href":"https:\/\/www.cechova.sk\/sk\/wp-json\/wp\/v2\/types\/page\/"}],"author":[{"embeddable":true,"href":"https:\/\/www.cechova.sk\/sk\/wp-json\/wp\/v2\/users\/1\/"}],"replies":[{"embeddable":true,"href":"https:\/\/www.cechova.sk\/sk\/wp-json\/wp\/v2\/comments\/?post=129"}],"version-history":[{"count":46,"href":"https:\/\/www.cechova.sk\/sk\/wp-json\/wp\/v2\/pages\/129\/revisions\/"}],"predecessor-version":[{"id":5254,"href":"https:\/\/www.cechova.sk\/sk\/wp-json\/wp\/v2\/pages\/129\/revisions\/5254\/"}],"wp:attachment":[{"href":"https:\/\/www.cechova.sk\/sk\/wp-json\/wp\/v2\/media\/?parent=129"}],"curies":[{"name":"wp","href":"https:\/\/api.w.org\/{rel}","templated":true}]}}