{"id":125,"date":"2019-04-01T17:28:02","date_gmt":"2019-04-01T15:28:02","guid":{"rendered":"http:\/\/www.cechova.sk\/?page_id=125"},"modified":"2023-05-30T11:12:07","modified_gmt":"2023-05-30T09:12:07","slug":"pravne-informacie","status":"publish","type":"page","link":"https:\/\/www.cechova.sk\/sk\/pravne-informacie\/","title":{"rendered":"Pr\u00e1vne inform\u00e1cie"},"content":{"rendered":"<p>Advok\u00e1tska kancel\u00e1ria \u010cECHOV\u00c1 &amp; PARTNERS s.r.o. so s\u00eddlom Staromestsk\u00e1 3, 811 03 Bratislava, I\u010cO: 47 249 129, zap\u00edsan\u00e1 v obchodnom registri Mestsk\u00e9ho s\u00fadu Bratislava III, Oddiel Sro, Vlo\u017eka \u010d. 90271\/B. I\u010c DPH: SK2023812670.<\/p>\n<p>\u010cECHOV\u00c1 &amp; PARTNERS s.r.o. je opr\u00e1vnen\u00e1 poskytova\u0165 pr\u00e1vne slu\u017eby a je zap\u00edsan\u00e1 v zozname spolo\u010dnost\u00ed s ru\u010den\u00edm obmedzen\u00fdm vedenom Slovenskou advok\u00e1tskou komorou (SAK) so s\u00eddlom Kol\u00e1rska 4, 813 42 Bratislava a pr\u00e1vne slu\u017eby poskytuje v zmysle predpisov dostupn\u00fdch na internetovej str\u00e1nke\u00a0<a href=\"http:\/\/www.sak.sk\/\">www.sak.sk<\/a>.<\/p>\n","protected":false},"excerpt":{"rendered":"<p>Advok\u00e1tska kancel\u00e1ria \u010cECHOV\u00c1 &amp; PARTNERS s.r.o. so s\u00eddlom Staromestsk\u00e1 3, 811 03 Bratislava, I\u010cO: 47 249 129, zap\u00edsan\u00e1 v obchodnom&#8230;<\/p>\n","protected":false},"author":1,"featured_media":0,"parent":0,"menu_order":22,"comment_status":"closed","ping_status":"closed","template":"","meta":{"inline_featured_image":false,"episode_type":"","audio_file":"","cover_image":"","cover_image_id":"","duration":"","filesize":"","date_recorded":"","explicit":"","block":"","itunes_episode_number":"","itunes_title":"","itunes_season_number":"","itunes_episode_type":"","filesize_raw":"","footnotes":""},"class_list":["post-125","page","type-page","status-publish","hentry"],"yoast_head":"<!-- This site is optimized with the Yoast SEO plugin v26.0 - https:\/\/yoast.com\/wordpress\/plugins\/seo\/ -->\n<title>Pr\u00e1vne inform\u00e1cie - \u010cechov\u00e1 &amp; Partners<\/title>\n<meta name=\"description\" content=\"\u010cECHOV\u00c1 &amp; PARTNERS s.r.o. je opr\u00e1vnen\u00e1 poskytova\u0165 pr\u00e1vne slu\u017eby a je zap\u00edsan\u00e1 v zozname spolo\u010dnost\u00ed s ru\u010den\u00edm obmedzen\u00fdm vedenom SAK.\" \/>\n<meta name=\"robots\" content=\"index, follow, max-snippet:-1, max-image-preview:large, max-video-preview:-1\" \/>\n<link rel=\"canonical\" href=\"https:\/\/www.cechova.sk\/sk\/pravne-informacie\/\" \/>\n<meta property=\"og:locale\" content=\"sk_SK\" \/>\n<meta property=\"og:type\" content=\"article\" \/>\n<meta property=\"og:title\" content=\"Pr\u00e1vne inform\u00e1cie - \u010cechov\u00e1 &amp; Partners\" \/>\n<meta property=\"og:description\" content=\"\u010cECHOV\u00c1 &amp; PARTNERS s.r.o. je opr\u00e1vnen\u00e1 poskytova\u0165 pr\u00e1vne slu\u017eby a je zap\u00edsan\u00e1 v zozname spolo\u010dnost\u00ed s ru\u010den\u00edm obmedzen\u00fdm vedenom SAK.\" \/>\n<meta property=\"og:url\" content=\"https:\/\/www.cechova.sk\/sk\/pravne-informacie\/\" \/>\n<meta property=\"og:site_name\" content=\"\u010cechov\u00e1 &amp; Partners\" \/>\n<meta property=\"article:modified_time\" content=\"2023-05-30T09:12:07+00:00\" \/>\n<meta name=\"twitter:card\" content=\"summary_large_image\" \/>\n<script type=\"application\/ld+json\" class=\"yoast-schema-graph\">{\"@context\":\"https:\/\/schema.org\",\"@graph\":[{\"@type\":\"WebPage\",\"@id\":\"https:\/\/www.cechova.sk\/sk\/pravne-informacie\/\",\"url\":\"https:\/\/www.cechova.sk\/sk\/pravne-informacie\/\",\"name\":\"Pr\u00e1vne inform\u00e1cie - \u010cechov\u00e1 &amp; Partners\",\"isPartOf\":{\"@id\":\"https:\/\/www.cechova.sk\/#website\"},\"datePublished\":\"2019-04-01T15:28:02+00:00\",\"dateModified\":\"2023-05-30T09:12:07+00:00\",\"description\":\"\u010cECHOV\u00c1 & PARTNERS s.r.o. je opr\u00e1vnen\u00e1 poskytova\u0165 pr\u00e1vne slu\u017eby a je zap\u00edsan\u00e1 v zozname spolo\u010dnost\u00ed s ru\u010den\u00edm obmedzen\u00fdm vedenom SAK.\",\"breadcrumb\":{\"@id\":\"https:\/\/www.cechova.sk\/sk\/pravne-informacie\/#breadcrumb\"},\"inLanguage\":\"sk-SK\",\"potentialAction\":[{\"@type\":\"ReadAction\",\"target\":[\"https:\/\/www.cechova.sk\/sk\/pravne-informacie\/\"]}]},{\"@type\":\"BreadcrumbList\",\"@id\":\"https:\/\/www.cechova.sk\/sk\/pravne-informacie\/#breadcrumb\",\"itemListElement\":[{\"@type\":\"ListItem\",\"position\":1,\"name\":\"Home\",\"item\":\"https:\/\/www.cechova.sk\/sk\/\"},{\"@type\":\"ListItem\",\"position\":2,\"name\":\"Pr\u00e1vne inform\u00e1cie\"}]},{\"@type\":\"WebSite\",\"@id\":\"https:\/\/www.cechova.sk\/#website\",\"url\":\"https:\/\/www.cechova.sk\/\",\"name\":\"\u010cechov\u00e1 &amp; Partners\",\"description\":\"Len \u010fal\u0161ia WordPress str\u00e1nka\",\"potentialAction\":[{\"@type\":\"SearchAction\",\"target\":{\"@type\":\"EntryPoint\",\"urlTemplate\":\"https:\/\/www.cechova.sk\/?s={search_term_string}\"},\"query-input\":{\"@type\":\"PropertyValueSpecification\",\"valueRequired\":true,\"valueName\":\"search_term_string\"}}],\"inLanguage\":\"sk-SK\"}]}<\/script>\n<!-- \/ Yoast SEO plugin. -->","yoast_head_json":{"title":"Pr\u00e1vne inform\u00e1cie - \u010cechov\u00e1 &amp; Partners","description":"\u010cECHOV\u00c1 & PARTNERS s.r.o. je opr\u00e1vnen\u00e1 poskytova\u0165 pr\u00e1vne slu\u017eby a je zap\u00edsan\u00e1 v zozname spolo\u010dnost\u00ed s ru\u010den\u00edm obmedzen\u00fdm vedenom SAK.","robots":{"index":"index","follow":"follow","max-snippet":"max-snippet:-1","max-image-preview":"max-image-preview:large","max-video-preview":"max-video-preview:-1"},"canonical":"https:\/\/www.cechova.sk\/sk\/pravne-informacie\/","og_locale":"sk_SK","og_type":"article","og_title":"Pr\u00e1vne inform\u00e1cie - \u010cechov\u00e1 &amp; Partners","og_description":"\u010cECHOV\u00c1 & PARTNERS s.r.o. je opr\u00e1vnen\u00e1 poskytova\u0165 pr\u00e1vne slu\u017eby a je zap\u00edsan\u00e1 v zozname spolo\u010dnost\u00ed s ru\u010den\u00edm obmedzen\u00fdm vedenom SAK.","og_url":"https:\/\/www.cechova.sk\/sk\/pravne-informacie\/","og_site_name":"\u010cechov\u00e1 &amp; Partners","article_modified_time":"2023-05-30T09:12:07+00:00","twitter_card":"summary_large_image","schema":{"@context":"https:\/\/schema.org","@graph":[{"@type":"WebPage","@id":"https:\/\/www.cechova.sk\/sk\/pravne-informacie\/","url":"https:\/\/www.cechova.sk\/sk\/pravne-informacie\/","name":"Pr\u00e1vne inform\u00e1cie - \u010cechov\u00e1 &amp; Partners","isPartOf":{"@id":"https:\/\/www.cechova.sk\/#website"},"datePublished":"2019-04-01T15:28:02+00:00","dateModified":"2023-05-30T09:12:07+00:00","description":"\u010cECHOV\u00c1 & PARTNERS s.r.o. je opr\u00e1vnen\u00e1 poskytova\u0165 pr\u00e1vne slu\u017eby a je zap\u00edsan\u00e1 v zozname spolo\u010dnost\u00ed s ru\u010den\u00edm obmedzen\u00fdm vedenom SAK.","breadcrumb":{"@id":"https:\/\/www.cechova.sk\/sk\/pravne-informacie\/#breadcrumb"},"inLanguage":"sk-SK","potentialAction":[{"@type":"ReadAction","target":["https:\/\/www.cechova.sk\/sk\/pravne-informacie\/"]}]},{"@type":"BreadcrumbList","@id":"https:\/\/www.cechova.sk\/sk\/pravne-informacie\/#breadcrumb","itemListElement":[{"@type":"ListItem","position":1,"name":"Home","item":"https:\/\/www.cechova.sk\/sk\/"},{"@type":"ListItem","position":2,"name":"Pr\u00e1vne inform\u00e1cie"}]},{"@type":"WebSite","@id":"https:\/\/www.cechova.sk\/#website","url":"https:\/\/www.cechova.sk\/","name":"\u010cechov\u00e1 &amp; Partners","description":"Len \u010fal\u0161ia WordPress str\u00e1nka","potentialAction":[{"@type":"SearchAction","target":{"@type":"EntryPoint","urlTemplate":"https:\/\/www.cechova.sk\/?s={search_term_string}"},"query-input":{"@type":"PropertyValueSpecification","valueRequired":true,"valueName":"search_term_string"}}],"inLanguage":"sk-SK"}]}},"_links":{"self":[{"href":"https:\/\/www.cechova.sk\/sk\/wp-json\/wp\/v2\/pages\/125\/"}],"collection":[{"href":"https:\/\/www.cechova.sk\/sk\/wp-json\/wp\/v2\/pages\/"}],"about":[{"href":"https:\/\/www.cechova.sk\/sk\/wp-json\/wp\/v2\/types\/page\/"}],"author":[{"embeddable":true,"href":"https:\/\/www.cechova.sk\/sk\/wp-json\/wp\/v2\/users\/1\/"}],"replies":[{"embeddable":true,"href":"https:\/\/www.cechova.sk\/sk\/wp-json\/wp\/v2\/comments\/?post=125"}],"version-history":[{"count":5,"href":"https:\/\/www.cechova.sk\/sk\/wp-json\/wp\/v2\/pages\/125\/revisions\/"}],"predecessor-version":[{"id":4451,"href":"https:\/\/www.cechova.sk\/sk\/wp-json\/wp\/v2\/pages\/125\/revisions\/4451\/"}],"wp:attachment":[{"href":"https:\/\/www.cechova.sk\/sk\/wp-json\/wp\/v2\/media\/?parent=125"}],"curies":[{"name":"wp","href":"https:\/\/api.w.org\/{rel}","templated":true}]}}